{"id":238,"date":"2025-11-11T18:44:37","date_gmt":"2025-11-11T21:44:37","guid":{"rendered":"https:\/\/thiagoneves.adv.br\/?page_id=238"},"modified":"2025-11-25T10:00:46","modified_gmt":"2025-11-25T13:00:46","slug":"triway-comercio","status":"publish","type":"page","link":"https:\/\/thiagoneves.adv.br\/?page_id=238","title":{"rendered":"Triway Com\u00e9rcio"},"content":{"rendered":"\t\t<div data-elementor-type=\"wp-page\" data-elementor-id=\"238\" class=\"elementor elementor-238\">\n\t\t\t\t<div class=\"elementor-element elementor-element-c7a45d5 e-con-full e-flex e-con e-parent\" data-id=\"c7a45d5\" data-element_type=\"container\">\n\t\t\t\t<div class=\"elementor-element elementor-element-5b5e67e elementor-widget elementor-widget-heading\" data-id=\"5b5e67e\" data-element_type=\"widget\" data-widget_type=\"heading.default\">\n\t\t\t\t\t<h2 class=\"elementor-heading-title elementor-size-default\">Recupera\u00e7\u00e3o Judicial<\/h2>\t\t\t\t<\/div>\n\t\t\t\t<div class=\"elementor-element elementor-element-d935c78 elementor-widget__width-initial elementor-widget elementor-widget-text-editor\" data-id=\"d935c78\" data-element_type=\"widget\" data-widget_type=\"text-editor.default\">\n\t\t\t\t\t\t\t\t\t<p><strong>TRIWAY COM\u00c9RCIO, PARTICIPA\u00c7\u00d5ES E EMPREENDIMENTOS \u2013 SLU E SORVETERIA 4D CARIOCA EIRELI<\/strong><\/p><p>Com o objetivo de oferecer maior transpar\u00eancia ao Processo de Recupera\u00e7\u00e3o Judicial da <strong>Triway Com\u00e9rcio, Participa\u00e7\u00f5es e Empreendimentos \u2013 SLU e SORVETERIA 4D CARIOCA EIRELI -, Processo n\u00ba 0225962-67.2022.8.19.0001<\/strong>, o administrador judicial nomeado pelo Douto Ju\u00edzo da 4\u00aa Vara Empresarial da Comarca da Capital &#8211; Estado do Rio de Janeiro, Thiago Neves, apresenta aos credores e demais interessados as principais informa\u00e7\u00f5es e documentos relacionados \u00e0 demanda.<\/p><p>\u00a0<\/p>\t\t\t\t\t\t\t\t<\/div>\n\t\t\t\t<\/div>\n\t\t<div class=\"elementor-element elementor-element-5d492ed e-con-full e-flex e-con e-parent\" data-id=\"5d492ed\" data-element_type=\"container\">\n\t\t\t\t<div class=\"elementor-element elementor-element-19c8d30 elementor-widget__width-initial elementor-widget elementor-widget-text-editor\" data-id=\"19c8d30\" data-element_type=\"widget\" data-widget_type=\"text-editor.default\">\n\t\t\t\t\t\t\t\t\t<p>06\/10\/2025<\/p>\t\t\t\t\t\t\t\t<\/div>\n\t\t\t\t<div class=\"elementor-element elementor-element-d989dca elementor-widget__width-initial elementor-widget elementor-widget-text-editor\" data-id=\"d989dca\" data-element_type=\"widget\" data-widget_type=\"text-editor.default\">\n\t\t\t\t\t\t\t\t\t<p>Ata de Assembleia Geral de Credores \u2013 2\u00aa Convoca\u00e7\u00e3o.<\/p>\t\t\t\t\t\t\t\t<\/div>\n\t\t\t\t<div class=\"elementor-element elementor-element-396ea19 elementor-widget elementor-widget-button\" data-id=\"396ea19\" data-element_type=\"widget\" data-widget_type=\"button.default\">\n\t\t\t\t\t\t\t\t\t\t<a class=\"elementor-button elementor-button-link elementor-size-sm\" href=\"https:\/\/thiagoneves.adv.br\/wp-content\/uploads\/2025\/11\/16.-Ata-da-Assembleia-Geral-de-Credores-06-10-2025.pdf\" target=\"_blank\">\n\t\t\t\t\t\t<span class=\"elementor-button-content-wrapper\">\n\t\t\t\t\t\t\t\t\t<span class=\"elementor-button-text\">Download<\/span>\n\t\t\t\t\t<\/span>\n\t\t\t\t\t<\/a>\n\t\t\t\t\t\t\t\t<\/div>\n\t\t\t\t<\/div>\n\t\t<div class=\"elementor-element elementor-element-66f4e27 e-con-full e-flex e-con e-parent\" data-id=\"66f4e27\" data-element_type=\"container\">\n\t\t\t\t<div class=\"elementor-element elementor-element-6af16c7 elementor-widget__width-initial elementor-widget elementor-widget-text-editor\" data-id=\"6af16c7\" data-element_type=\"widget\" data-widget_type=\"text-editor.default\">\n\t\t\t\t\t\t\t\t\t<p>11\/08\/2025<\/p>\t\t\t\t\t\t\t\t<\/div>\n\t\t\t\t<div class=\"elementor-element elementor-element-c2f1e6d elementor-widget__width-initial elementor-widget elementor-widget-text-editor\" data-id=\"c2f1e6d\" data-element_type=\"widget\" data-widget_type=\"text-editor.default\">\n\t\t\t\t\t\t\t\t\t<p>Ata de Assembleia Geral de Credores \u2013 2\u00aa Convoca\u00e7\u00e3o.<\/p>\t\t\t\t\t\t\t\t<\/div>\n\t\t\t\t<div class=\"elementor-element elementor-element-8ce2097 elementor-widget elementor-widget-button\" data-id=\"8ce2097\" data-element_type=\"widget\" data-widget_type=\"button.default\">\n\t\t\t\t\t\t\t\t\t\t<a class=\"elementor-button elementor-button-link elementor-size-sm\" href=\"https:\/\/thiagoneves.adv.br\/wp-content\/uploads\/2025\/11\/15.-Ata-da-Assembleia-Geral-de-Credores-11-08-2025.pdf\" target=\"_blank\">\n\t\t\t\t\t\t<span class=\"elementor-button-content-wrapper\">\n\t\t\t\t\t\t\t\t\t<span class=\"elementor-button-text\">Download<\/span>\n\t\t\t\t\t<\/span>\n\t\t\t\t\t<\/a>\n\t\t\t\t\t\t\t\t<\/div>\n\t\t\t\t<\/div>\n\t\t<div class=\"elementor-element elementor-element-c683df1 e-con-full e-flex e-con e-parent\" data-id=\"c683df1\" data-element_type=\"container\">\n\t\t\t\t<div class=\"elementor-element elementor-element-be2ab67 elementor-widget__width-initial elementor-widget elementor-widget-text-editor\" data-id=\"be2ab67\" data-element_type=\"widget\" data-widget_type=\"text-editor.default\">\n\t\t\t\t\t\t\t\t\t<p>02\/06\/2025<\/p>\t\t\t\t\t\t\t\t<\/div>\n\t\t\t\t<div class=\"elementor-element elementor-element-6d866ce elementor-widget__width-initial elementor-widget elementor-widget-text-editor\" data-id=\"6d866ce\" data-element_type=\"widget\" data-widget_type=\"text-editor.default\">\n\t\t\t\t\t\t\t\t\t<p>Ata de Assembleia Geral de Credores \u2013 2\u00aa Convoca\u00e7\u00e3o.<\/p>\t\t\t\t\t\t\t\t<\/div>\n\t\t\t\t<div class=\"elementor-element elementor-element-6be76da elementor-widget elementor-widget-button\" data-id=\"6be76da\" data-element_type=\"widget\" data-widget_type=\"button.default\">\n\t\t\t\t\t\t\t\t\t\t<a class=\"elementor-button elementor-button-link elementor-size-sm\" href=\"https:\/\/thiagoneves.adv.br\/wp-content\/uploads\/2025\/11\/14.-Ata-da-Assembleia-Geral-de-Credores-02-06-2025.pdf\" target=\"_blank\">\n\t\t\t\t\t\t<span class=\"elementor-button-content-wrapper\">\n\t\t\t\t\t\t\t\t\t<span class=\"elementor-button-text\">Download<\/span>\n\t\t\t\t\t<\/span>\n\t\t\t\t\t<\/a>\n\t\t\t\t\t\t\t\t<\/div>\n\t\t\t\t<\/div>\n\t\t<div class=\"elementor-element elementor-element-2f47be3 e-con-full e-flex e-con e-parent\" data-id=\"2f47be3\" data-element_type=\"container\">\n\t\t\t\t<div class=\"elementor-element elementor-element-c71a6cc elementor-widget__width-initial elementor-widget elementor-widget-text-editor\" data-id=\"c71a6cc\" data-element_type=\"widget\" data-widget_type=\"text-editor.default\">\n\t\t\t\t\t\t\t\t\t<p>17\/03\/2025<\/p>\t\t\t\t\t\t\t\t<\/div>\n\t\t\t\t<div class=\"elementor-element elementor-element-f7f221b elementor-widget__width-initial elementor-widget elementor-widget-text-editor\" data-id=\"f7f221b\" data-element_type=\"widget\" data-widget_type=\"text-editor.default\">\n\t\t\t\t\t\t\t\t\t<p>Ata de Assembleia Geral de Credores \u2013 2\u00aa Convoca\u00e7\u00e3o.<\/p>\t\t\t\t\t\t\t\t<\/div>\n\t\t\t\t<div class=\"elementor-element elementor-element-9213205 elementor-widget elementor-widget-button\" data-id=\"9213205\" data-element_type=\"widget\" data-widget_type=\"button.default\">\n\t\t\t\t\t\t\t\t\t\t<a class=\"elementor-button elementor-button-link elementor-size-sm\" href=\"https:\/\/thiagoneves.adv.br\/wp-content\/uploads\/2025\/11\/13.-Ata-da-Assembleia-Geral-de-Credores-17-03-2025.pdf\" target=\"_blank\">\n\t\t\t\t\t\t<span class=\"elementor-button-content-wrapper\">\n\t\t\t\t\t\t\t\t\t<span class=\"elementor-button-text\">Download<\/span>\n\t\t\t\t\t<\/span>\n\t\t\t\t\t<\/a>\n\t\t\t\t\t\t\t\t<\/div>\n\t\t\t\t<\/div>\n\t\t<div class=\"elementor-element elementor-element-7d4f7f5 e-con-full e-flex e-con e-parent\" data-id=\"7d4f7f5\" data-element_type=\"container\">\n\t\t\t\t<div class=\"elementor-element elementor-element-88a60f0 elementor-widget__width-initial elementor-widget elementor-widget-text-editor\" data-id=\"88a60f0\" data-element_type=\"widget\" data-widget_type=\"text-editor.default\">\n\t\t\t\t\t\t\t\t\t<p>16\/12\/2024<\/p>\t\t\t\t\t\t\t\t<\/div>\n\t\t\t\t<div class=\"elementor-element elementor-element-72b62e3 elementor-widget__width-initial elementor-widget elementor-widget-text-editor\" data-id=\"72b62e3\" data-element_type=\"widget\" data-widget_type=\"text-editor.default\">\n\t\t\t\t\t\t\t\t\t<p>Ata de Assembleia Geral de Credores \u2013 2\u00aa Convoca\u00e7\u00e3o.<\/p>\t\t\t\t\t\t\t\t<\/div>\n\t\t\t\t<div class=\"elementor-element elementor-element-6e1c20a elementor-widget elementor-widget-button\" data-id=\"6e1c20a\" data-element_type=\"widget\" data-widget_type=\"button.default\">\n\t\t\t\t\t\t\t\t\t\t<a class=\"elementor-button elementor-button-link elementor-size-sm\" href=\"https:\/\/thiagoneves.adv.br\/wp-content\/uploads\/2025\/11\/12.-Ata-da-Assembleia-Geral-de-Credores-16-12-2024.pdf\" target=\"_blank\">\n\t\t\t\t\t\t<span class=\"elementor-button-content-wrapper\">\n\t\t\t\t\t\t\t\t\t<span class=\"elementor-button-text\">Download<\/span>\n\t\t\t\t\t<\/span>\n\t\t\t\t\t<\/a>\n\t\t\t\t\t\t\t\t<\/div>\n\t\t\t\t<\/div>\n\t\t<div class=\"elementor-element elementor-element-1f672bc e-con-full e-flex e-con e-parent\" data-id=\"1f672bc\" data-element_type=\"container\">\n\t\t\t\t<div class=\"elementor-element elementor-element-99d931f elementor-widget__width-initial elementor-widget elementor-widget-text-editor\" data-id=\"99d931f\" data-element_type=\"widget\" data-widget_type=\"text-editor.default\">\n\t\t\t\t\t\t\t\t\t<p>09\/12\/2024<\/p>\t\t\t\t\t\t\t\t<\/div>\n\t\t\t\t<div class=\"elementor-element elementor-element-d89bf02 elementor-widget__width-initial elementor-widget elementor-widget-text-editor\" data-id=\"d89bf02\" data-element_type=\"widget\" data-widget_type=\"text-editor.default\">\n\t\t\t\t\t\t\t\t\t<p>Ata de Assembleia Geral de Credores \u2013 1\u00aa Convoca\u00e7\u00e3o.<\/p>\t\t\t\t\t\t\t\t<\/div>\n\t\t\t\t<div class=\"elementor-element elementor-element-418e663 elementor-widget elementor-widget-button\" data-id=\"418e663\" data-element_type=\"widget\" data-widget_type=\"button.default\">\n\t\t\t\t\t\t\t\t\t\t<a class=\"elementor-button elementor-button-link elementor-size-sm\" href=\"https:\/\/thiagoneves.adv.br\/wp-content\/uploads\/2025\/11\/11.-Ata-da-Assembleia-Geral-de-Credores-09-12-2024.pdf\" target=\"_blank\">\n\t\t\t\t\t\t<span class=\"elementor-button-content-wrapper\">\n\t\t\t\t\t\t\t\t\t<span class=\"elementor-button-text\">Download<\/span>\n\t\t\t\t\t<\/span>\n\t\t\t\t\t<\/a>\n\t\t\t\t\t\t\t\t<\/div>\n\t\t\t\t<\/div>\n\t\t<div class=\"elementor-element elementor-element-5079104 e-con-full e-flex e-con e-parent\" data-id=\"5079104\" data-element_type=\"container\">\n\t\t\t\t<div class=\"elementor-element elementor-element-673cf8a elementor-widget__width-initial elementor-widget elementor-widget-text-editor\" data-id=\"673cf8a\" data-element_type=\"widget\" data-widget_type=\"text-editor.default\">\n\t\t\t\t\t\t\t\t\t<p>06\/11\/2024<\/p>\t\t\t\t\t\t\t\t<\/div>\n\t\t\t\t<div class=\"elementor-element elementor-element-370a1fc elementor-widget__width-initial elementor-widget elementor-widget-text-editor\" data-id=\"370a1fc\" data-element_type=\"widget\" data-widget_type=\"text-editor.default\">\n\t\t\t\t\t\t\t\t\t<p>Edital de convoca\u00e7\u00e3o para AGC.<\/p>\t\t\t\t\t\t\t\t<\/div>\n\t\t\t\t<div class=\"elementor-element elementor-element-91bdcc2 elementor-widget elementor-widget-button\" data-id=\"91bdcc2\" data-element_type=\"widget\" data-widget_type=\"button.default\">\n\t\t\t\t\t\t\t\t\t\t<a class=\"elementor-button elementor-button-link elementor-size-sm\" href=\"https:\/\/thiagoneves.adv.br\/wp-content\/uploads\/2025\/11\/10.-Edital-de-convocacao-da-AGC.pdf\" target=\"_blank\">\n\t\t\t\t\t\t<span class=\"elementor-button-content-wrapper\">\n\t\t\t\t\t\t\t\t\t<span class=\"elementor-button-text\">Download<\/span>\n\t\t\t\t\t<\/span>\n\t\t\t\t\t<\/a>\n\t\t\t\t\t\t\t\t<\/div>\n\t\t\t\t<\/div>\n\t\t<div class=\"elementor-element elementor-element-9556f65 e-con-full e-flex e-con e-parent\" data-id=\"9556f65\" data-element_type=\"container\">\n\t\t\t\t<div class=\"elementor-element elementor-element-90e8cad elementor-widget__width-initial elementor-widget elementor-widget-text-editor\" data-id=\"90e8cad\" data-element_type=\"widget\" data-widget_type=\"text-editor.default\">\n\t\t\t\t\t\t\t\t\t<p>10\/10\/2024<\/p>\t\t\t\t\t\t\t\t<\/div>\n\t\t\t\t<div class=\"elementor-element elementor-element-ef752b3 elementor-widget__width-initial elementor-widget elementor-widget-text-editor\" data-id=\"ef752b3\" data-element_type=\"widget\" data-widget_type=\"text-editor.default\">\n\t\t\t\t\t\t\t\t\t<p>Publica\u00e7\u00e3o do aditamento a rela\u00e7\u00e3o de credores do AJ.<\/p>\t\t\t\t\t\t\t\t<\/div>\n\t\t\t\t<div class=\"elementor-element elementor-element-4f80bb7 elementor-widget elementor-widget-button\" data-id=\"4f80bb7\" data-element_type=\"widget\" data-widget_type=\"button.default\">\n\t\t\t\t\t\t\t\t\t\t<a class=\"elementor-button elementor-button-link elementor-size-sm\" href=\"https:\/\/thiagoneves.adv.br\/wp-content\/uploads\/2025\/11\/9.-Publicacao-do-aditamento-ao-edital-da-relacao-de-credores.pdf\" target=\"_blank\">\n\t\t\t\t\t\t<span class=\"elementor-button-content-wrapper\">\n\t\t\t\t\t\t\t\t\t<span class=\"elementor-button-text\">Download<\/span>\n\t\t\t\t\t<\/span>\n\t\t\t\t\t<\/a>\n\t\t\t\t\t\t\t\t<\/div>\n\t\t\t\t<\/div>\n\t\t<div class=\"elementor-element elementor-element-68c450d e-con-full e-flex e-con e-parent\" data-id=\"68c450d\" data-element_type=\"container\">\n\t\t\t\t<div class=\"elementor-element elementor-element-023bfd9 elementor-widget__width-initial elementor-widget elementor-widget-text-editor\" data-id=\"023bfd9\" data-element_type=\"widget\" data-widget_type=\"text-editor.default\">\n\t\t\t\t\t\t\t\t\t<p>17\/04\/2024<\/p>\t\t\t\t\t\t\t\t<\/div>\n\t\t\t\t<div class=\"elementor-element elementor-element-1e50bad elementor-widget__width-initial elementor-widget elementor-widget-text-editor\" data-id=\"1e50bad\" data-element_type=\"widget\" data-widget_type=\"text-editor.default\">\n\t\t\t\t\t\t\t\t\t<p>Publica\u00e7\u00e3o da rela\u00e7\u00e3o de credores do AJ.<\/p>\t\t\t\t\t\t\t\t<\/div>\n\t\t\t\t<div class=\"elementor-element elementor-element-d332d4e elementor-widget elementor-widget-button\" data-id=\"d332d4e\" data-element_type=\"widget\" data-widget_type=\"button.default\">\n\t\t\t\t\t\t\t\t\t\t<a class=\"elementor-button elementor-button-link elementor-size-sm\" href=\"https:\/\/thiagoneves.adv.br\/wp-content\/uploads\/2025\/11\/8.-Edital-de-Aviso-aos-Credores-\u2013-art.-53-\u00a7un.-da-LRF.pdf\" target=\"_blank\">\n\t\t\t\t\t\t<span class=\"elementor-button-content-wrapper\">\n\t\t\t\t\t\t\t\t\t<span class=\"elementor-button-text\">Download<\/span>\n\t\t\t\t\t<\/span>\n\t\t\t\t\t<\/a>\n\t\t\t\t\t\t\t\t<\/div>\n\t\t\t\t<\/div>\n\t\t<div class=\"elementor-element elementor-element-21a1801 e-con-full e-flex e-con e-parent\" data-id=\"21a1801\" data-element_type=\"container\">\n\t\t\t\t<div class=\"elementor-element elementor-element-5857319 elementor-widget__width-initial elementor-widget elementor-widget-text-editor\" data-id=\"5857319\" data-element_type=\"widget\" data-widget_type=\"text-editor.default\">\n\t\t\t\t\t\t\t\t\t<p>22\/03\/2023<\/p>\t\t\t\t\t\t\t\t<\/div>\n\t\t\t\t<div class=\"elementor-element elementor-element-3c839ac elementor-widget__width-initial elementor-widget elementor-widget-text-editor\" data-id=\"3c839ac\" data-element_type=\"widget\" data-widget_type=\"text-editor.default\">\n\t\t\t\t\t\t\t\t\t<p>Rela\u00e7\u00e3o de Credores do artigo 7\u00ba, \u00a72\u00ba, da lei 11.101\/2005.<\/p>\t\t\t\t\t\t\t\t<\/div>\n\t\t\t\t<div class=\"elementor-element elementor-element-a194af8 elementor-widget elementor-widget-button\" data-id=\"a194af8\" data-element_type=\"widget\" data-widget_type=\"button.default\">\n\t\t\t\t\t\t\t\t\t\t<a class=\"elementor-button elementor-button-link elementor-size-sm\" href=\"https:\/\/thiagoneves.adv.br\/wp-content\/uploads\/2025\/11\/7.-Apresentacao-da-Relacao-de-credores.pdf\" target=\"_blank\">\n\t\t\t\t\t\t<span class=\"elementor-button-content-wrapper\">\n\t\t\t\t\t\t\t\t\t<span class=\"elementor-button-text\">Download<\/span>\n\t\t\t\t\t<\/span>\n\t\t\t\t\t<\/a>\n\t\t\t\t\t\t\t\t<\/div>\n\t\t\t\t<\/div>\n\t\t<div class=\"elementor-element elementor-element-4e0b387 e-con-full e-flex e-con e-parent\" data-id=\"4e0b387\" data-element_type=\"container\">\n\t\t\t\t<div class=\"elementor-element elementor-element-b629c0d elementor-widget__width-initial elementor-widget elementor-widget-text-editor\" data-id=\"b629c0d\" data-element_type=\"widget\" data-widget_type=\"text-editor.default\">\n\t\t\t\t\t\t\t\t\t<p>25\/01\/2023<\/p>\t\t\t\t\t\t\t\t<\/div>\n\t\t\t\t<div class=\"elementor-element elementor-element-24cf08e elementor-widget__width-initial elementor-widget elementor-widget-text-editor\" data-id=\"24cf08e\" data-element_type=\"widget\" data-widget_type=\"text-editor.default\">\n\t\t\t\t\t\t\t\t\t<p>Edital do artigo 52 da lei 11.101\/2005.<\/p>\t\t\t\t\t\t\t\t<\/div>\n\t\t\t\t<div class=\"elementor-element elementor-element-00b6746 elementor-widget elementor-widget-button\" data-id=\"00b6746\" data-element_type=\"widget\" data-widget_type=\"button.default\">\n\t\t\t\t\t\t\t\t\t\t<a class=\"elementor-button elementor-button-link elementor-size-sm\" href=\"https:\/\/thiagoneves.adv.br\/wp-content\/uploads\/2025\/11\/5.-Publicacao-do-Edital-para-ciencia-dos-credores-acerca-da-Recuperacao-Judicial-\u2013-art.-52-\u00a71o-da-LRJF.pdf\" target=\"_blank\">\n\t\t\t\t\t\t<span class=\"elementor-button-content-wrapper\">\n\t\t\t\t\t\t\t\t\t<span class=\"elementor-button-text\">Download<\/span>\n\t\t\t\t\t<\/span>\n\t\t\t\t\t<\/a>\n\t\t\t\t\t\t\t\t<\/div>\n\t\t\t\t<\/div>\n\t\t<div class=\"elementor-element elementor-element-af39c44 e-con-full e-flex e-con e-parent\" data-id=\"af39c44\" data-element_type=\"container\">\n\t\t\t\t<div class=\"elementor-element elementor-element-77a82f3 elementor-widget__width-initial elementor-widget elementor-widget-text-editor\" data-id=\"77a82f3\" data-element_type=\"widget\" data-widget_type=\"text-editor.default\">\n\t\t\t\t\t\t\t\t\t<p>22\/11\/2022<\/p>\t\t\t\t\t\t\t\t<\/div>\n\t\t\t\t<div class=\"elementor-element elementor-element-f46a4e9 elementor-widget__width-initial elementor-widget elementor-widget-text-editor\" data-id=\"f46a4e9\" data-element_type=\"widget\" data-widget_type=\"text-editor.default\">\n\t\t\t\t\t\t\t\t\t<p>Plano de Recupera\u00e7\u00e3o Judicial.<\/p>\t\t\t\t\t\t\t\t<\/div>\n\t\t\t\t<div class=\"elementor-element elementor-element-179cb9f elementor-widget elementor-widget-button\" data-id=\"179cb9f\" data-element_type=\"widget\" data-widget_type=\"button.default\">\n\t\t\t\t\t\t\t\t\t\t<a class=\"elementor-button elementor-button-link elementor-size-sm\" href=\"https:\/\/thiagoneves.adv.br\/wp-content\/uploads\/2025\/11\/6.-Apresentacao-do-PRJ.pdf\" target=\"_blank\">\n\t\t\t\t\t\t<span class=\"elementor-button-content-wrapper\">\n\t\t\t\t\t\t\t\t\t<span class=\"elementor-button-text\">Download<\/span>\n\t\t\t\t\t<\/span>\n\t\t\t\t\t<\/a>\n\t\t\t\t\t\t\t\t<\/div>\n\t\t\t\t<\/div>\n\t\t<div class=\"elementor-element elementor-element-8ded4c0 e-con-full e-flex e-con e-parent\" data-id=\"8ded4c0\" data-element_type=\"container\">\n\t\t\t\t<div class=\"elementor-element elementor-element-4d54148 elementor-widget__width-initial elementor-widget elementor-widget-text-editor\" data-id=\"4d54148\" data-element_type=\"widget\" data-widget_type=\"text-editor.default\">\n\t\t\t\t\t\t\t\t\t<p>04\/10\/2022<\/p>\t\t\t\t\t\t\t\t<\/div>\n\t\t\t\t<div class=\"elementor-element elementor-element-d9fac50 elementor-widget__width-initial elementor-widget elementor-widget-text-editor\" data-id=\"d9fac50\" data-element_type=\"widget\" data-widget_type=\"text-editor.default\">\n\t\t\t\t\t\t\t\t\t<p>Relat\u00f3rio Circunstanciado.<\/p>\t\t\t\t\t\t\t\t<\/div>\n\t\t\t\t<div class=\"elementor-element elementor-element-ca8f232 elementor-widget elementor-widget-button\" data-id=\"ca8f232\" data-element_type=\"widget\" data-widget_type=\"button.default\">\n\t\t\t\t\t\t\t\t\t\t<a class=\"elementor-button elementor-button-link elementor-size-sm\" href=\"https:\/\/thiagoneves.adv.br\/wp-content\/uploads\/2025\/11\/4.-Relatorio-Circunstanciado-elaborado-pelo-AJ.pdf\" target=\"_blank\">\n\t\t\t\t\t\t<span class=\"elementor-button-content-wrapper\">\n\t\t\t\t\t\t\t\t\t<span class=\"elementor-button-text\">Download<\/span>\n\t\t\t\t\t<\/span>\n\t\t\t\t\t<\/a>\n\t\t\t\t\t\t\t\t<\/div>\n\t\t\t\t<\/div>\n\t\t<div class=\"elementor-element elementor-element-ac327b5 e-con-full e-flex e-con e-parent\" data-id=\"ac327b5\" data-element_type=\"container\">\n\t\t\t\t<div class=\"elementor-element elementor-element-0bcf22d elementor-widget__width-initial elementor-widget elementor-widget-text-editor\" data-id=\"0bcf22d\" data-element_type=\"widget\" data-widget_type=\"text-editor.default\">\n\t\t\t\t\t\t\t\t\t<p>13\/09\/2022<\/p>\t\t\t\t\t\t\t\t<\/div>\n\t\t\t\t<div class=\"elementor-element elementor-element-ce1be44 elementor-widget__width-initial elementor-widget elementor-widget-text-editor\" data-id=\"ce1be44\" data-element_type=\"widget\" data-widget_type=\"text-editor.default\">\n\t\t\t\t\t\t\t\t\t<p>Termo de Compromisso do AJ.<\/p>\t\t\t\t\t\t\t\t<\/div>\n\t\t\t\t<div class=\"elementor-element elementor-element-6e0f9d9 elementor-widget elementor-widget-button\" data-id=\"6e0f9d9\" data-element_type=\"widget\" data-widget_type=\"button.default\">\n\t\t\t\t\t\t\t\t\t\t<a class=\"elementor-button elementor-button-link elementor-size-sm\" href=\"https:\/\/thiagoneves.adv.br\/wp-content\/uploads\/2025\/11\/3.-Termo-de-Compromisso-do-Administrador-Judicial.pdf\" target=\"_blank\">\n\t\t\t\t\t\t<span class=\"elementor-button-content-wrapper\">\n\t\t\t\t\t\t\t\t\t<span class=\"elementor-button-text\">Download<\/span>\n\t\t\t\t\t<\/span>\n\t\t\t\t\t<\/a>\n\t\t\t\t\t\t\t\t<\/div>\n\t\t\t\t<\/div>\n\t\t<div class=\"elementor-element elementor-element-18dea99 e-con-full e-flex e-con e-parent\" data-id=\"18dea99\" data-element_type=\"container\">\n\t\t\t\t<div class=\"elementor-element elementor-element-52c2008 elementor-widget__width-initial elementor-widget elementor-widget-text-editor\" data-id=\"52c2008\" data-element_type=\"widget\" data-widget_type=\"text-editor.default\">\n\t\t\t\t\t\t\t\t\t<p>02\/09\/2022<\/p>\t\t\t\t\t\t\t\t<\/div>\n\t\t\t\t<div class=\"elementor-element elementor-element-0c345fa elementor-widget__width-initial elementor-widget elementor-widget-text-editor\" data-id=\"0c345fa\" data-element_type=\"widget\" data-widget_type=\"text-editor.default\">\n\t\t\t\t\t\t\t\t\t<p>Deferimento do Processamento da Recupera\u00e7\u00e3o Judicial e certid\u00e3o de publica\u00e7\u00e3o.<\/p>\t\t\t\t\t\t\t\t<\/div>\n\t\t\t\t<div class=\"elementor-element elementor-element-8c899f1 elementor-widget elementor-widget-button\" data-id=\"8c899f1\" data-element_type=\"widget\" data-widget_type=\"button.default\">\n\t\t\t\t\t\t\t\t\t\t<a class=\"elementor-button elementor-button-link elementor-size-sm\" href=\"https:\/\/thiagoneves.adv.br\/wp-content\/uploads\/2025\/11\/2.-Deferimento-do-Processamento-da-Recuperacao-Judicial.pdf\" target=\"_blank\">\n\t\t\t\t\t\t<span class=\"elementor-button-content-wrapper\">\n\t\t\t\t\t\t\t\t\t<span class=\"elementor-button-text\">Download<\/span>\n\t\t\t\t\t<\/span>\n\t\t\t\t\t<\/a>\n\t\t\t\t\t\t\t\t<\/div>\n\t\t\t\t<\/div>\n\t\t<div class=\"elementor-element elementor-element-25ab494 e-con-full e-flex e-con e-parent\" data-id=\"25ab494\" data-element_type=\"container\">\n\t\t\t\t<div class=\"elementor-element elementor-element-874d328 elementor-widget__width-initial elementor-widget elementor-widget-text-editor\" data-id=\"874d328\" data-element_type=\"widget\" data-widget_type=\"text-editor.default\">\n\t\t\t\t\t\t\t\t\t<p>17\/08\/2022<\/p>\t\t\t\t\t\t\t\t<\/div>\n\t\t\t\t<div class=\"elementor-element elementor-element-cd5eb8d elementor-widget__width-initial elementor-widget elementor-widget-text-editor\" data-id=\"cd5eb8d\" data-element_type=\"widget\" data-widget_type=\"text-editor.default\">\n\t\t\t\t\t\t\t\t\t<p>Pedido de Recupera\u00e7\u00e3o Judicial.<\/p>\t\t\t\t\t\t\t\t<\/div>\n\t\t\t\t<div class=\"elementor-element elementor-element-8c3cd11 elementor-widget elementor-widget-button\" data-id=\"8c3cd11\" data-element_type=\"widget\" data-widget_type=\"button.default\">\n\t\t\t\t\t\t\t\t\t\t<a class=\"elementor-button elementor-button-link elementor-size-sm\" href=\"https:\/\/thiagoneves.adv.br\/wp-content\/uploads\/2025\/11\/1.-Pedido-de-Recuperacao-Judicial.pdf\" target=\"_blank\">\n\t\t\t\t\t\t<span class=\"elementor-button-content-wrapper\">\n\t\t\t\t\t\t\t\t\t<span class=\"elementor-button-text\">Download<\/span>\n\t\t\t\t\t<\/span>\n\t\t\t\t\t<\/a>\n\t\t\t\t\t\t\t\t<\/div>\n\t\t\t\t<\/div>\n\t\t\t\t<\/div>\n\t\t","protected":false},"excerpt":{"rendered":"<p>Recupera\u00e7\u00e3o Judicial TRIWAY COM\u00c9RCIO, PARTICIPA\u00c7\u00d5ES E EMPREENDIMENTOS \u2013 SLU E SORVETERIA 4D CARIOCA EIRELI Com o objetivo de oferecer maior transpar\u00eancia ao Processo de Recupera\u00e7\u00e3o Judicial da Triway Com\u00e9rcio, Participa\u00e7\u00f5es e Empreendimentos \u2013 SLU e SORVETERIA 4D CARIOCA EIRELI -, Processo n\u00ba 0225962-67.2022.8.19.0001, o administrador judicial nomeado pelo Douto Ju\u00edzo da 4\u00aa Vara Empresarial da [&hellip;]<\/p>\n","protected":false},"author":1,"featured_media":0,"parent":0,"menu_order":0,"comment_status":"closed","ping_status":"closed","template":"","meta":{"footnotes":""},"class_list":["post-238","page","type-page","status-publish","hentry"],"_links":{"self":[{"href":"https:\/\/thiagoneves.adv.br\/index.php?rest_route=\/wp\/v2\/pages\/238","targetHints":{"allow":["GET"]}}],"collection":[{"href":"https:\/\/thiagoneves.adv.br\/index.php?rest_route=\/wp\/v2\/pages"}],"about":[{"href":"https:\/\/thiagoneves.adv.br\/index.php?rest_route=\/wp\/v2\/types\/page"}],"author":[{"embeddable":true,"href":"https:\/\/thiagoneves.adv.br\/index.php?rest_route=\/wp\/v2\/users\/1"}],"replies":[{"embeddable":true,"href":"https:\/\/thiagoneves.adv.br\/index.php?rest_route=%2Fwp%2Fv2%2Fcomments&post=238"}],"version-history":[{"count":41,"href":"https:\/\/thiagoneves.adv.br\/index.php?rest_route=\/wp\/v2\/pages\/238\/revisions"}],"predecessor-version":[{"id":383,"href":"https:\/\/thiagoneves.adv.br\/index.php?rest_route=\/wp\/v2\/pages\/238\/revisions\/383"}],"wp:attachment":[{"href":"https:\/\/thiagoneves.adv.br\/index.php?rest_route=%2Fwp%2Fv2%2Fmedia&parent=238"}],"curies":[{"name":"wp","href":"https:\/\/api.w.org\/{rel}","templated":true}]}}