{"id":45,"date":"2023-02-07T11:03:44","date_gmt":"2023-02-07T14:03:44","guid":{"rendered":"http:\/\/thiagoneves.adv.br\/?page_id=45"},"modified":"2025-11-25T10:07:00","modified_gmt":"2025-11-25T13:07:00","slug":"solucoes-juridicas","status":"publish","type":"page","link":"https:\/\/thiagoneves.adv.br\/","title":{"rendered":"Solu\u00e7\u00f5es Jur\u00eddicas"},"content":{"rendered":"\t\t<div data-elementor-type=\"wp-page\" data-elementor-id=\"45\" class=\"elementor elementor-45\">\n\t\t\t\t<div class=\"elementor-element elementor-element-3c31774 e-con-full e-flex e-con e-parent\" data-id=\"3c31774\" data-element_type=\"container\">\n\t\t\t\t<div class=\"elementor-element elementor-element-1e7eb5b1 elementor-widget elementor-widget-text-editor\" data-id=\"1e7eb5b1\" data-element_type=\"widget\" data-widget_type=\"text-editor.default\">\n\t\t\t\t\t\t\t\t\t<p><strong>Atua\u00e7\u00e3o<\/strong><\/p>\n<p><!-- \/wp:paragraph --><!-- wp:paragraph --><\/p>\n<p><!-- \/wp:paragraph --><!-- wp:paragraph --><\/p>\n<p><!-- \/wp:paragraph --><!-- wp:paragraph --><\/p>\n<p><!-- \/wp:paragraph --><\/p>\t\t\t\t\t\t\t\t<\/div>\n\t\t\t\t<\/div>\n\t\t<div class=\"elementor-element elementor-element-2b0e332 e-con-full e-flex e-con e-parent\" data-id=\"2b0e332\" data-element_type=\"container\">\n\t\t\t\t<div class=\"elementor-element elementor-element-20ae1b5 elementor-widget elementor-widget-text-editor\" data-id=\"20ae1b5\" data-element_type=\"widget\" data-widget_type=\"text-editor.default\">\n\t\t\t\t\t\t\t\t\t<p>Atuamos como Administrador Judicial em processos de Reestrutura\u00e7\u00e3o empresarial e Insolv\u00eancia, garantindo seguran\u00e7a jur\u00eddica, efici\u00eancia e equil\u00edbrio entre empresas, credores e o Poder Judici\u00e1rio.<\/p>\n<p>\u00a0<\/p>\n<p><!-- \/wp:paragraph --><!-- wp:paragraph --><\/p>\n<p><!-- \/wp:paragraph --><!-- wp:paragraph --><\/p>\n<p><!-- \/wp:paragraph --><!-- wp:paragraph --><\/p>\n<p><!-- \/wp:paragraph --><\/p>\t\t\t\t\t\t\t\t<\/div>\n\t\t\t\t<\/div>\n\t\t<div class=\"elementor-element elementor-element-b828cc1 e-con-full e-flex e-con e-parent\" data-id=\"b828cc1\" data-element_type=\"container\">\n\t\t\t\t<div class=\"elementor-element elementor-element-5d66cd3 elementor-widget elementor-widget-text-editor\" data-id=\"5d66cd3\" data-element_type=\"widget\" data-widget_type=\"text-editor.default\">\n\t\t\t\t\t\t\t\t\t<p><strong>Quem Somos<\/strong><\/p>\n<p><!-- \/wp:paragraph --><!-- wp:paragraph --><\/p>\n<p><!-- \/wp:paragraph --><!-- wp:paragraph --><\/p>\n<p><!-- \/wp:paragraph --><!-- wp:paragraph --><\/p>\n<p><!-- \/wp:paragraph --><\/p>\t\t\t\t\t\t\t\t<\/div>\n\t\t\t\t<\/div>\n\t\t<div class=\"elementor-element elementor-element-f839b0d e-con-full e-flex e-con e-parent\" data-id=\"f839b0d\" data-element_type=\"container\">\n\t\t\t\t<div class=\"elementor-element elementor-element-5c055b0 elementor-widget elementor-widget-text-editor\" data-id=\"5c055b0\" data-element_type=\"widget\" data-widget_type=\"text-editor.default\">\n\t\t\t\t\t\t\t\t\t<p>Com s\u00f3lida experi\u00eancia na advocacia empresarial e na condu\u00e7\u00e3o de processos de insolv\u00eancia, <strong>Thiago Neves<\/strong> atua como Administrador Judicial perante o Tribunal de Justi\u00e7a do Rio de Janeiro, primando pela transpar\u00eancia em busca da efetividade do processo. Nosso compromisso \u00e9 conduzir os processos de forma t\u00e9cnica e imparcial, promovendo o equil\u00edbrio entre a preserva\u00e7\u00e3o da empresa e a satisfa\u00e7\u00e3o dos credores. Cada decis\u00e3o \u00e9 tomada com responsabilidade, sempre em busca da melhor solu\u00e7\u00e3o para todos os envolvidos.&#8221;<\/p>\n<p>\u00a0<\/p>\n<p><!-- \/wp:paragraph --><!-- wp:paragraph --><\/p>\n<p><!-- \/wp:paragraph --><!-- wp:paragraph --><\/p>\n<p><!-- \/wp:paragraph --><!-- wp:paragraph --><\/p>\n<p><!-- \/wp:paragraph --><\/p>\t\t\t\t\t\t\t\t<\/div>\n\t\t\t\t<\/div>\n\t\t<div class=\"elementor-element elementor-element-ddd61b4 e-con-full e-flex e-con e-parent\" data-id=\"ddd61b4\" data-element_type=\"container\">\n\t\t\t\t<div class=\"elementor-element elementor-element-7623dd8 elementor-widget elementor-widget-text-editor\" data-id=\"7623dd8\" data-element_type=\"widget\" data-widget_type=\"text-editor.default\">\n\t\t\t\t\t\t\t\t\t<p><strong>Thiago Silveira Neves<\/strong><\/p>\n<p>\u00a0<\/p>\n<p><!-- \/wp:paragraph --><!-- wp:paragraph --><\/p>\n<p><!-- \/wp:paragraph --><!-- wp:paragraph --><\/p>\n<p><!-- \/wp:paragraph --><!-- wp:paragraph --><\/p>\n<p><!-- \/wp:paragraph --><\/p>\t\t\t\t\t\t\t\t<\/div>\n\t\t\t\t<\/div>\n\t\t<div class=\"elementor-element elementor-element-096a142 e-grid e-con-full e-con e-parent\" data-id=\"096a142\" data-element_type=\"container\">\n\t\t\t\t<div class=\"elementor-element elementor-element-b811606 elementor-widget elementor-widget-image\" data-id=\"b811606\" data-element_type=\"widget\" data-widget_type=\"image.default\">\n\t\t\t\t\t\t\t\t\t\t\t\t\t\t\t\t<a href=\"https:\/\/thiagoneves.adv.br\/wp-content\/uploads\/2025\/11\/thiago-neves.jpg\" data-elementor-open-lightbox=\"yes\" data-elementor-lightbox-title=\"thiago-neves\" data-e-action-hash=\"#elementor-action%3Aaction%3Dlightbox%26settings%3DeyJpZCI6MzQwLCJ1cmwiOiJodHRwczpcL1wvdGhpYWdvbmV2ZXMuYWR2LmJyXC93cC1jb250ZW50XC91cGxvYWRzXC8yMDI1XC8xMVwvdGhpYWdvLW5ldmVzLmpwZyJ9\">\n\t\t\t\t\t\t\t<img fetchpriority=\"high\" decoding=\"async\" width=\"640\" height=\"812\" src=\"https:\/\/thiagoneves.adv.br\/wp-content\/uploads\/2025\/11\/thiago-neves-807x1024.jpg\" class=\"attachment-large size-large wp-image-340\" alt=\"\" srcset=\"https:\/\/thiagoneves.adv.br\/wp-content\/uploads\/2025\/11\/thiago-neves-807x1024.jpg 807w, https:\/\/thiagoneves.adv.br\/wp-content\/uploads\/2025\/11\/thiago-neves-236x300.jpg 236w, https:\/\/thiagoneves.adv.br\/wp-content\/uploads\/2025\/11\/thiago-neves-768x974.jpg 768w, https:\/\/thiagoneves.adv.br\/wp-content\/uploads\/2025\/11\/thiago-neves.jpg 1001w\" sizes=\"(max-width: 640px) 100vw, 640px\" \/>\t\t\t\t\t\t\t\t<\/a>\n\t\t\t\t\t\t\t\t\t\t\t\t\t\t\t<\/div>\n\t\t\t\t<div class=\"elementor-element elementor-element-6250ea5 elementor-widget elementor-widget-text-editor\" data-id=\"6250ea5\" data-element_type=\"widget\" data-widget_type=\"text-editor.default\">\n\t\t\t\t\t\t\t\t\t<p>Inscrito na Ordem dos Advogados do Brasil, Se\u00e7\u00e3o do Estado do Rio de Janeiro, sob o <strong>n\u00ba 215.549<\/strong>, Thiago Neves \u00e9 bacharel em Direito pelo Instituto Brasileiro de Mercados e Capitais (IBMEC\/RJ), p\u00f3s-graduado em Direito Empresarial, com especializa\u00e7\u00e3o em Direito Societ\u00e1rio e Mercado de Capitais e em Recupera\u00e7\u00e3o Judicial e Fal\u00eancias pela Funda\u00e7\u00e3o Get\u00falio Vargas do Rio de Janeiro. Possui em sua forma\u00e7\u00e3o o Curso de Especializa\u00e7\u00e3o em Administra\u00e7\u00e3o Judicial, da Escola de Administra\u00e7\u00e3o Judici\u00e1ria (ESAJ) do Tribunal de Justi\u00e7a do Estado do Rio de Janeiro.<\/p>\n<p>Thiago Neves iniciou sua trajet\u00f3ria no universo do Direito atuando em escrit\u00f3rios de grande porte e abrang\u00eancia nacional, onde adquiriu experi\u00eancia nas \u00e1reas do Direito Empresarial, Societ\u00e1rio, Contencioso C\u00edvel e Estrat\u00e9gico, Propriedade Industrial e Tribut\u00e1rio.<\/p>\n<p>\u00c9 coautor do livro \u201cTemas Contempor\u00e2neos de Direito<\/p>\n<p><strong>Idiomas:<\/strong> Portugu\u00eas e Ingl\u00eas Empresarial\u201d.<\/p>\t\t\t\t\t\t\t\t<\/div>\n\t\t\t\t<\/div>\n\t\t\t\t<\/div>\n\t\t","protected":false},"excerpt":{"rendered":"<p>Atua\u00e7\u00e3o Atuamos como Administrador Judicial em processos de Reestrutura\u00e7\u00e3o empresarial e Insolv\u00eancia, garantindo seguran\u00e7a jur\u00eddica, efici\u00eancia e equil\u00edbrio entre empresas, credores e o Poder Judici\u00e1rio. \u00a0 Quem Somos Com s\u00f3lida experi\u00eancia na advocacia empresarial e na condu\u00e7\u00e3o de processos de insolv\u00eancia, Thiago Neves atua como Administrador Judicial perante o Tribunal de Justi\u00e7a do Rio de [&hellip;]<\/p>\n","protected":false},"author":1,"featured_media":0,"parent":0,"menu_order":0,"comment_status":"closed","ping_status":"closed","template":"","meta":{"footnotes":""},"class_list":["post-45","page","type-page","status-publish","hentry"],"_links":{"self":[{"href":"https:\/\/thiagoneves.adv.br\/index.php?rest_route=\/wp\/v2\/pages\/45","targetHints":{"allow":["GET"]}}],"collection":[{"href":"https:\/\/thiagoneves.adv.br\/index.php?rest_route=\/wp\/v2\/pages"}],"about":[{"href":"https:\/\/thiagoneves.adv.br\/index.php?rest_route=\/wp\/v2\/types\/page"}],"author":[{"embeddable":true,"href":"https:\/\/thiagoneves.adv.br\/index.php?rest_route=\/wp\/v2\/users\/1"}],"replies":[{"embeddable":true,"href":"https:\/\/thiagoneves.adv.br\/index.php?rest_route=%2Fwp%2Fv2%2Fcomments&post=45"}],"version-history":[{"count":64,"href":"https:\/\/thiagoneves.adv.br\/index.php?rest_route=\/wp\/v2\/pages\/45\/revisions"}],"predecessor-version":[{"id":387,"href":"https:\/\/thiagoneves.adv.br\/index.php?rest_route=\/wp\/v2\/pages\/45\/revisions\/387"}],"wp:attachment":[{"href":"https:\/\/thiagoneves.adv.br\/index.php?rest_route=%2Fwp%2Fv2%2Fmedia&parent=45"}],"curies":[{"name":"wp","href":"https:\/\/api.w.org\/{rel}","templated":true}]}}